{"id":387,"date":"2025-01-08T14:42:02","date_gmt":"2025-01-08T14:42:02","guid":{"rendered":"http:\/\/35.175.177.28\/?page_id=387"},"modified":"2025-01-10T18:55:07","modified_gmt":"2025-01-10T18:55:07","slug":"quienes-somos","status":"publish","type":"page","link":"http:\/\/35.175.177.28\/en\/quienes-somos\/","title":{"rendered":"Qui\u00e9nes somos"},"content":{"rendered":"<style>.kb-row-layout-wrap.wp-block-kadence-rowlayout.kb-row-layout-id387_7c9f3f-53{margin-bottom:0px;}.kb-row-layout-id387_7c9f3f-53 > .kt-row-column-wrap{align-content:start;}:where(.kb-row-layout-id387_7c9f3f-53 > .kt-row-column-wrap) > .wp-block-kadence-column{justify-content:start;}.kb-row-layout-id387_7c9f3f-53 > .kt-row-column-wrap{column-gap:var(--global-kb-gap-md, 2rem);row-gap:var(--global-kb-gap-md, 2rem);max-width:1600px;margin-left:auto;margin-right:auto;padding-top:200px;padding-right:32px;padding-bottom:140px;padding-left:32px;grid-template-columns:minmax(0, 1fr);}.kb-row-layout-id387_7c9f3f-53{background-image:url('http:\/\/35.175.177.28\/wp-content\/uploads\/2025\/01\/facu-guille-3.jpg');background-size:cover;background-position:57.99999999999999% 84%;background-attachment:scroll;background-repeat:no-repeat;}.kb-row-layout-id387_7c9f3f-53 > .kt-row-layout-overlay{opacity:0.53;background-color:var(--contrast);mix-blend-mode:normal;}@media all and (max-width: 1024px){.kb-row-layout-id387_7c9f3f-53 > .kt-row-column-wrap{grid-template-columns:minmax(0, 1fr);}}@media all and (max-width: 767px){.kb-row-layout-id387_7c9f3f-53 > .kt-row-column-wrap{padding-top:120px;padding-right:15px;padding-bottom:60px;padding-left:15px;grid-template-columns:minmax(0, 1fr);}}<\/style><div class=\"kb-row-layout-wrap kb-row-layout-id387_7c9f3f-53 alignfull kt-row-has-bg hero-aire wp-block-kadence-rowlayout\"><div class=\"kt-row-layout-overlay kt-row-overlay-normal\"><\/div><div class=\"kt-row-column-wrap kt-has-2-columns kt-row-layout-row kt-tab-layout-inherit kt-mobile-layout-row kt-row-valign-top\">\n<style>.kadence-column387_4405d2-4a > .kt-inside-inner-col{padding-top:10px;padding-right:10px;padding-bottom:10px;padding-left:10px;}.kadence-column387_4405d2-4a > .kt-inside-inner-col,.kadence-column387_4405d2-4a > .kt-inside-inner-col:before{border-top-left-radius:0px;border-top-right-radius:0px;border-bottom-right-radius:0px;border-bottom-left-radius:0px;}.kadence-column387_4405d2-4a > .kt-inside-inner-col{column-gap:var(--global-kb-gap-sm, 1rem);}.kadence-column387_4405d2-4a > .kt-inside-inner-col{flex-direction:column;}.kadence-column387_4405d2-4a > .kt-inside-inner-col > .aligncenter{width:100%;}.kadence-column387_4405d2-4a > .kt-inside-inner-col:before{opacity:0.3;}.kadence-column387_4405d2-4a{position:relative;}@media all and (max-width: 1024px){.kadence-column387_4405d2-4a > .kt-inside-inner-col{flex-direction:column;}}@media all and (max-width: 767px){.kadence-column387_4405d2-4a > .kt-inside-inner-col{flex-direction:column;}}<\/style>\n<div class=\"wp-block-kadence-column kadence-column387_4405d2-4a inner-column-1\"><div class=\"kt-inside-inner-col\"><style>.wp-block-kadence-advancedheading.kt-adv-heading387_cf429a-34, .wp-block-kadence-advancedheading.kt-adv-heading387_cf429a-34[data-kb-block=\"kb-adv-heading387_cf429a-34\"]{margin-bottom:26px;text-align:center;font-size:90px;line-height:94px;font-style:normal;color:#ffecd1;}.wp-block-kadence-advancedheading.kt-adv-heading387_cf429a-34 mark.kt-highlight, .wp-block-kadence-advancedheading.kt-adv-heading387_cf429a-34[data-kb-block=\"kb-adv-heading387_cf429a-34\"] mark.kt-highlight{font-style:normal;color:#f76a0c;-webkit-box-decoration-break:clone;box-decoration-break:clone;padding-top:0px;padding-right:0px;padding-bottom:0px;padding-left:0px;}@media all and (max-width: 767px){.wp-block-kadence-advancedheading.kt-adv-heading387_cf429a-34, .wp-block-kadence-advancedheading.kt-adv-heading387_cf429a-34[data-kb-block=\"kb-adv-heading387_cf429a-34\"]{font-size:32px;line-height:36px;}}<\/style>\n<h1 class=\"kt-adv-heading387_cf429a-34 wp-block-kadence-advancedheading\" data-kb-block=\"kb-adv-heading387_cf429a-34\">What is Aire<\/h1>\n<\/div><\/div>\n\n\n<style>.kadence-column387_a34b2c-7e > .kt-inside-inner-col,.kadence-column387_a34b2c-7e > .kt-inside-inner-col:before{border-top-left-radius:0px;border-top-right-radius:0px;border-bottom-right-radius:0px;border-bottom-left-radius:0px;}.kadence-column387_a34b2c-7e > .kt-inside-inner-col{column-gap:var(--global-kb-gap-sm, 1rem);}.kadence-column387_a34b2c-7e > .kt-inside-inner-col{flex-direction:column;}.kadence-column387_a34b2c-7e > .kt-inside-inner-col > .aligncenter{width:100%;}.kadence-column387_a34b2c-7e > .kt-inside-inner-col:before{opacity:0.3;}.kadence-column387_a34b2c-7e{position:relative;}@media all and (max-width: 1024px){.kadence-column387_a34b2c-7e > .kt-inside-inner-col{flex-direction:column;}}@media all and (max-width: 767px){.kadence-column387_a34b2c-7e > .kt-inside-inner-col{flex-direction:column;}}<\/style>\n<div class=\"wp-block-kadence-column kadence-column387_a34b2c-7e\"><div class=\"kt-inside-inner-col\"><\/div><\/div>\n\n<\/div><\/div>\n\n\n<div class=\"wp-block-group overlap-sheet\"><div class=\"wp-block-group__inner-container is-layout-constrained wp-block-group-is-layout-constrained\">\n<p>At AIRE, we create your trips around three key pillars: Personalization, Local Connection and Sustainability. Each destination turns into an unforgettable memory, while we contribute to improve and preserve the identity of each place you visit.&nbsp;<\/p>\n\n\n\n<p>We will take you to discover not only the iconic destinations that define this vast nation but also the best-kept secrets only a passionate traveler can uncover. You\u2019ll savor the flavors of our traditional asado and Mendoza\u2019s exquisite wines, feel the vibrant rhythms of tango in Buenos Aires, and marvel at the untamed nature that defines Patagonia, among many other unforgettable experiences.<\/p>\n\n\n\n<p><\/p>\n\n\n<div class=\"wp-block-image\">\n<figure class=\"aligncenter size-large is-resized\"><img loading=\"lazy\" decoding=\"async\" width=\"768\" height=\"1024\" src=\"http:\/\/35.175.177.28\/wp-content\/uploads\/2025\/01\/facu-guille-2-768x1024.jpg\" alt=\"\" class=\"wp-image-503\" style=\"width:400px\" srcset=\"http:\/\/35.175.177.28\/wp-content\/uploads\/2025\/01\/facu-guille-2-768x1024.jpg 768w, http:\/\/35.175.177.28\/wp-content\/uploads\/2025\/01\/facu-guille-2-225x300.jpg 225w, http:\/\/35.175.177.28\/wp-content\/uploads\/2025\/01\/facu-guille-2.jpg 1080w\" sizes=\"auto, (max-width: 768px) 100vw, 768px\" \/><\/figure><\/div>\n\n\n<p><\/p>\n\n\n\n<p>We invite you on an extraordinary journey with Facundo Carassale and Guillermina Del Bueno, who bring over 30 years of experience in the world of travel. Their passion for exploration has guided countless tours across the country, and every year they continue to uncover new horizons. Let AIRE ignite your curiosity and take you beyond the ordinary, revealing not only incredible destinations but also a fresh perspective on the world.<\/p>\n<\/div><\/div>\n\n\n<style>.kb-row-layout-wrap.wp-block-kadence-rowlayout.kb-row-layout-id387_5cd73a-bf{margin-bottom:0px;margin-bottom:-60px;}.kb-row-layout-id387_5cd73a-bf > .kt-row-column-wrap{align-content:start;}:where(.kb-row-layout-id387_5cd73a-bf > .kt-row-column-wrap) > .wp-block-kadence-column{justify-content:start;}.kb-row-layout-id387_5cd73a-bf > .kt-row-column-wrap{column-gap:var(--global-kb-gap-md, 2rem);row-gap:var(--global-kb-gap-md, 2rem);max-width:1200px;padding-top:var(--global-kb-spacing-5xl, 10rem);padding-bottom:var(--global-kb-spacing-5xl, 10rem);grid-template-columns:minmax(0, 1fr);}.kb-row-layout-id387_5cd73a-bf{background-image:url('http:\/\/35.175.177.28\/wp-content\/uploads\/2024\/12\/Salta.jpg');background-size:cover;background-position:center center;background-attachment:scroll;background-repeat:no-repeat;}.kb-row-layout-id387_5cd73a-bf > .kt-row-layout-overlay{opacity:0.65;background-color:var(--contrast);}@media all and (max-width: 1024px){.kb-row-layout-id387_5cd73a-bf > .kt-row-column-wrap{grid-template-columns:minmax(0, 1fr);}}@media all and (max-width: 767px){.kb-row-layout-id387_5cd73a-bf > .kt-row-column-wrap{padding-bottom:var(--global-kb-spacing-xl, 4rem);grid-template-columns:minmax(0, 1fr);}}<\/style><div class=\"kb-row-layout-wrap kb-row-layout-id387_5cd73a-bf alignfull kt-row-has-bg wp-block-kadence-rowlayout\" id=\"hablemos\"><div class=\"kt-row-layout-overlay kt-row-overlay-normal\"><\/div><div class=\"kt-row-column-wrap kt-has-1-columns kt-row-layout-equal kt-tab-layout-inherit kt-mobile-layout-row kt-row-valign-top kb-theme-content-width\">\n<style>.kadence-column387_bdf092-c2 > .kt-inside-inner-col{padding-top:var(--global-kb-spacing-xs, 1rem);padding-right:var(--global-kb-spacing-3xl, 6.5rem);padding-bottom:var(--global-kb-spacing-xs, 1rem);padding-left:var(--global-kb-spacing-3xl, 6.5rem);}.kadence-column387_bdf092-c2 > .kt-inside-inner-col,.kadence-column387_bdf092-c2 > .kt-inside-inner-col:before{border-top-left-radius:0px;border-top-right-radius:0px;border-bottom-right-radius:0px;border-bottom-left-radius:0px;}.kadence-column387_bdf092-c2 > .kt-inside-inner-col{column-gap:var(--global-kb-gap-sm, 1rem);}.kadence-column387_bdf092-c2 > .kt-inside-inner-col{flex-direction:column;}.kadence-column387_bdf092-c2 > .kt-inside-inner-col > .aligncenter{width:100%;}.kadence-column387_bdf092-c2 > .kt-inside-inner-col:before{opacity:0.3;}.kadence-column387_bdf092-c2{position:relative;}@media all and (max-width: 1024px){.kadence-column387_bdf092-c2 > .kt-inside-inner-col{padding-top:0px;padding-right:0px;padding-bottom:0px;padding-left:0px;flex-direction:column;}}@media all and (max-width: 767px){.kadence-column387_bdf092-c2 > .kt-inside-inner-col{flex-direction:column;}}<\/style>\n<div class=\"wp-block-kadence-column kadence-column387_bdf092-c2 inner-column-1\"><div class=\"kt-inside-inner-col\"><style>.wp-block-kadence-advancedheading.kt-adv-heading387_034acc-8b, .wp-block-kadence-advancedheading.kt-adv-heading387_034acc-8b[data-kb-block=\"kb-adv-heading387_034acc-8b\"]{margin-top:0px;margin-bottom:var(--global-kb-spacing-sm, 1.5rem);text-align:center;font-size:48px;line-height:1;font-style:normal;letter-spacing:-3px;}.wp-block-kadence-advancedheading.kt-adv-heading387_034acc-8b mark.kt-highlight, .wp-block-kadence-advancedheading.kt-adv-heading387_034acc-8b[data-kb-block=\"kb-adv-heading387_034acc-8b\"] mark.kt-highlight{font-style:normal;color:#f76a0c;-webkit-box-decoration-break:clone;box-decoration-break:clone;padding-top:0px;padding-right:0px;padding-bottom:0px;padding-left:0px;}@media all and (max-width: 1024px){.wp-block-kadence-advancedheading.kt-adv-heading387_034acc-8b, .wp-block-kadence-advancedheading.kt-adv-heading387_034acc-8b[data-kb-block=\"kb-adv-heading387_034acc-8b\"]{font-size:90px;}}@media all and (max-width: 767px){.wp-block-kadence-advancedheading.kt-adv-heading387_034acc-8b, .wp-block-kadence-advancedheading.kt-adv-heading387_034acc-8b[data-kb-block=\"kb-adv-heading387_034acc-8b\"]{font-size:55px;}}<\/style>\n<h2 class=\"kt-adv-heading387_034acc-8b wp-block-kadence-advancedheading has-base-3-color has-text-color\" data-kb-block=\"kb-adv-heading387_034acc-8b\">Let's talk about your visit to Argentina<\/h2>\n\n\n<style>.wp-block-kadence-advancedbtn.kb-btns387_f29116-29{gap:var(--global-kb-gap-xs, 0.5rem );justify-content:center;align-items:center;}.kt-btns387_f29116-29 .kt-button{font-weight:normal;font-style:normal;}.kt-btns387_f29116-29 .kt-btn-wrap-0{margin-right:5px;}.wp-block-kadence-advancedbtn.kt-btns387_f29116-29 .kt-btn-wrap-0 .kt-button{color:#555555;border-color:#555555;}.wp-block-kadence-advancedbtn.kt-btns387_f29116-29 .kt-btn-wrap-0 .kt-button:hover, .wp-block-kadence-advancedbtn.kt-btns387_f29116-29 .kt-btn-wrap-0 .kt-button:focus{color:#ffffff;border-color:#444444;}.wp-block-kadence-advancedbtn.kt-btns387_f29116-29 .kt-btn-wrap-0 .kt-button::before{display:none;}.wp-block-kadence-advancedbtn.kt-btns387_f29116-29 .kt-btn-wrap-0 .kt-button:hover, .wp-block-kadence-advancedbtn.kt-btns387_f29116-29 .kt-btn-wrap-0 .kt-button:focus{background:#444444;}<\/style>\n<div class=\"wp-block-kadence-advancedbtn kb-buttons-wrap kb-btns387_f29116-29\"><style>.wp-block-kadence-advancedbtn .kb-btn387_91d18f-d1.kb-button, ul.menu .wp-block-kadence-advancedbtn .kb-btn387_91d18f-d1.kb-button{width:280px;}.wp-block-kadence-advancedbtn .kb-btn387_91d18f-d1.kb-button{color:#1a1a1a;background:var(--accent);border-top-left-radius:0px;border-top-right-radius:0px;border-bottom-right-radius:0px;border-bottom-left-radius:0px;border-top:0px solid #ffecd1;border-right:0px solid #ffecd1;border-bottom:0px solid #ffecd1;border-left:0px solid #ffecd1;padding-top:16px;padding-bottom:16px;}.kb-btn387_91d18f-d1.kb-button .kb-svg-icon-wrap{color:#1a1a1a;font-size:22px;}.wp-block-kadence-advancedbtn .kb-btn387_91d18f-d1.kb-button:hover, .wp-block-kadence-advancedbtn .kb-btn387_91d18f-d1.kb-button:focus{background:#e06f02;border-top:0px solid;border-right:0px solid;border-bottom:0px solid;border-left:0px solid;}@media all and (max-width: 1024px){.wp-block-kadence-advancedbtn .kb-btn387_91d18f-d1.kb-button{border-top:0px solid #ffecd1;border-right:0px solid #ffecd1;border-bottom:0px solid #ffecd1;border-left:0px solid #ffecd1;}}@media all and (max-width: 1024px){.wp-block-kadence-advancedbtn .kb-btn387_91d18f-d1.kb-button:hover, .wp-block-kadence-advancedbtn .kb-btn387_91d18f-d1.kb-button:focus{border-top:0px solid;border-right:0px solid;border-bottom:0px solid;border-left:0px solid;}}@media all and (max-width: 1024px){.kb-btn387_91d18f-d1.kb-button .kb-svg-icon-wrap{display:block;}}@media all and (max-width: 767px){.wp-block-kadence-advancedbtn .kb-btn387_91d18f-d1.kb-button{border-top:0px solid #ffecd1;border-right:0px solid #ffecd1;border-bottom:0px solid #ffecd1;border-left:0px solid #ffecd1;}.wp-block-kadence-advancedbtn .kb-btn387_91d18f-d1.kb-button:hover, .wp-block-kadence-advancedbtn .kb-btn387_91d18f-d1.kb-button:focus{border-top:0px solid;border-right:0px solid;border-bottom:0px solid;border-left:0px solid;}}<\/style><a class=\"kb-button kt-button button kb-btn387_91d18f-d1 kt-btn-size-standard kt-btn-width-type-fixed kb-btn-global-outline kt-btn-has-text-true kt-btn-has-svg-true wp-block-kadence-singlebtn\" href=\"http:\/\/wa.link\/1qww93\"><span class=\"kb-svg-icon-wrap kb-svg-icon-fa_whatsapp kt-btn-icon-side-left\"><svg viewbox=\"0 0 448 512\"  fill=\"currentColor\" xmlns=\"http:\/\/www.w3.org\/2000\/svg\"  aria-hidden=\"true\"><path d=\"M380.9 97.1C339 55.1 283.2 32 223.9 32c-122.4 0-222 99.6-222 222 0 39.1 10.2 77.3 29.6 111L0 480l117.7-30.9c32.4 17.7 68.9 27 106.1 27h.1c122.3 0 224.1-99.6 224.1-222 0-59.3-25.2-115-67.1-157zm-157 341.6c-33.2 0-65.7-8.9-94-25.7l-6.7-4-69.8 18.3L72 359.2l-4.4-7c-18.5-29.4-28.2-63.3-28.2-98.2 0-101.7 82.8-184.5 184.6-184.5 49.3 0 95.6 19.2 130.4 54.1 34.8 34.9 56.2 81.2 56.1 130.5 0 101.8-84.9 184.6-186.6 184.6zm101.2-138.2c-5.5-2.8-32.8-16.2-37.9-18-5.1-1.9-8.8-2.8-12.5 2.8-3.7 5.6-14.3 18-17.6 21.8-3.2 3.7-6.5 4.2-12 1.4-32.6-16.3-54-29.1-75.5-66-5.7-9.8 5.7-9.1 16.3-30.3 1.8-3.7.9-6.9-.5-9.7-1.4-2.8-12.5-30.1-17.1-41.2-4.5-10.8-9.1-9.3-12.5-9.5-3.2-.2-6.9-.2-10.6-.2-3.7 0-9.7 1.4-14.8 6.9-5.1 5.6-19.4 19-19.4 46.3 0 27.3 19.9 53.7 22.6 57.4 2.8 3.7 39.1 59.7 94.8 83.8 35.2 15.2 49 16.5 66.6 13.9 10.7-1.6 32.8-13.4 37.4-26.4 4.6-13 4.6-24.1 3.2-26.4-1.3-2.5-5-3.9-10.5-6.6z\"\/><\/svg><\/span><span class=\"kt-btn-inner-text\"><strong>Escribinos por Whatsapp<\/strong><\/span><\/a><\/div>\n\n\n\n<div style=\"height:32px\" aria-hidden=\"true\" class=\"wp-block-spacer\"><\/div>\n\n\n\n<p class=\"has-text-align-center has-base-3-color has-text-color has-link-color has-medium-font-size wp-elements-db7373591902185d619c90abff94fec5\">or write us at <a href=\"mailto:info@airetravel.com.ar\">info@airetravel.com.ar<\/a><\/p>\n<\/div><\/div>\n\n<\/div><\/div>","protected":false},"excerpt":{"rendered":"<p>Qu\u00e9 es Aire En AIRE, creamos tus viajes fundamentados en tres pilares esenciales: Personalizaci\u00f3n, Conexi\u00f3n Local y Sostenibilidad. Cada destino se convierte en un recuerdo inolvidable, a la vez que contribuimos a mejorar y preservar la identidad de cada lugar que visitas.&nbsp; Te llevaremos a descubrir no solo los destinos ic\u00f3nicos que definen a esta &#8230; <a title=\"Qui\u00e9nes somos\" class=\"read-more\" href=\"http:\/\/35.175.177.28\/en\/quienes-somos\/\" aria-label=\"Read more about Qui\u00e9nes somos\">Read more<\/a><\/p>","protected":false},"author":1,"featured_media":0,"parent":0,"menu_order":0,"comment_status":"closed","ping_status":"closed","template":"","meta":{"inline_featured_image":false,"footnotes":""},"class_list":["post-387","page","type-page","status-publish"],"_links":{"self":[{"href":"http:\/\/35.175.177.28\/en\/wp-json\/wp\/v2\/pages\/387","targetHints":{"allow":["GET"]}}],"collection":[{"href":"http:\/\/35.175.177.28\/en\/wp-json\/wp\/v2\/pages"}],"about":[{"href":"http:\/\/35.175.177.28\/en\/wp-json\/wp\/v2\/types\/page"}],"author":[{"embeddable":true,"href":"http:\/\/35.175.177.28\/en\/wp-json\/wp\/v2\/users\/1"}],"replies":[{"embeddable":true,"href":"http:\/\/35.175.177.28\/en\/wp-json\/wp\/v2\/comments?post=387"}],"version-history":[{"count":12,"href":"http:\/\/35.175.177.28\/en\/wp-json\/wp\/v2\/pages\/387\/revisions"}],"predecessor-version":[{"id":595,"href":"http:\/\/35.175.177.28\/en\/wp-json\/wp\/v2\/pages\/387\/revisions\/595"}],"wp:attachment":[{"href":"http:\/\/35.175.177.28\/en\/wp-json\/wp\/v2\/media?parent=387"}],"curies":[{"name":"wp","href":"https:\/\/api.w.org\/{rel}","templated":true}]}}